{"id":39,"date":"2023-07-19T16:28:57","date_gmt":"2023-07-19T16:28:57","guid":{"rendered":"https:\/\/kubrica.pe\/?page_id=39"},"modified":"2023-07-21T01:33:59","modified_gmt":"2023-07-21T01:33:59","slug":"hermosos-portafolios-para-creativos-excepcionales","status":"publish","type":"page","link":"https:\/\/kubrica.pe\/","title":{"rendered":"LA PANTALLA"},"content":{"rendered":"\n<p class=\"has-text-align-center\">\u00abLa pantalla es un medio m\u00e1gico. Tiene tal poder que puede mantener el inter\u00e9s, ya que permite emociones y estados de \u00e1nimo que ninguna otra forma de arte puede transmitir.\u00bb<\/p>\n\n\n\n<p class=\"has-text-align-center\">Stanley Kubrick.<\/p>\n\n\n\n<div style=\"height:55px\" aria-hidden=\"true\" class=\"wp-block-spacer\"><\/div>\n\n\n\n<div class=\"wp-block-group alignfull has-background\" style=\"background-color:#e5e9ec\"><div class=\"wp-block-group__inner-container is-layout-flow wp-block-group-is-layout-flow\">\n<div class=\"wp-block-columns are-vertically-aligned-center is-layout-flex wp-container-core-columns-is-layout-9d6595d7 wp-block-columns-is-layout-flex\">\n<div class=\"wp-block-column is-vertically-aligned-center is-layout-flow wp-block-column-is-layout-flow\">\n<h2 class=\"wp-block-heading\">Fotograf\u00eda y Video Profesional<\/h2>\n\n\n\n<p>Desarrollamos material audiovisual de alto impacto visual. Somos especialistas en el rubro inmobiliario y proyectos de gran inversi\u00f3n. Realizamos servicios de fotograf\u00eda y videos con drone, contamos con pilotos certificados por la DGAC. <\/p>\n<\/div>\n\n\n\n<div class=\"wp-block-column is-vertically-aligned-center is-layout-flow wp-block-column-is-layout-flow\">\n<figure class=\"wp-block-image size-full\"><img decoding=\"async\" src=\"http:\/\/kubrica.pe\/wp-content\/uploads\/2023\/07\/Pano-2-v2-2.jpg\" alt=\"\" class=\"wp-image-105\"\/><\/figure>\n<\/div>\n<\/div>\n<\/div><\/div>\n\n\n\n<hr class=\"wp-block-separator has-text-color has-white-color has-alpha-channel-opacity has-white-background-color has-background is-style-default\"\/>\n\n\n\n<div class=\"wp-block-group\"><div class=\"wp-block-group__inner-container is-layout-flow wp-block-group-is-layout-flow\">\n<div class=\"wp-block-columns is-layout-flex wp-container-core-columns-is-layout-9d6595d7 wp-block-columns-is-layout-flex\">\n<div class=\"wp-block-column is-layout-flow wp-block-column-is-layout-flow\">\n<figure class=\"wp-block-image size-large\"><img loading=\"lazy\" decoding=\"async\" width=\"1024\" height=\"674\" src=\"http:\/\/kubrica.pe\/wp-content\/uploads\/2023\/07\/mundo-360-1024x674.jpg\" alt=\"\" class=\"wp-image-101\" srcset=\"https:\/\/kubrica.pe\/wp-content\/uploads\/2023\/07\/mundo-360-1024x674.jpg 1024w, https:\/\/kubrica.pe\/wp-content\/uploads\/2023\/07\/mundo-360-300x198.jpg 300w, https:\/\/kubrica.pe\/wp-content\/uploads\/2023\/07\/mundo-360-768x506.jpg 768w, https:\/\/kubrica.pe\/wp-content\/uploads\/2023\/07\/mundo-360-1536x1011.jpg 1536w, https:\/\/kubrica.pe\/wp-content\/uploads\/2023\/07\/mundo-360.jpg 2000w\" sizes=\"auto, (max-width: 1024px) 100vw, 1024px\" \/><\/figure>\n<\/div>\n\n\n\n<div class=\"wp-block-column is-vertically-aligned-top is-layout-flow wp-block-column-is-layout-flow\">\n<h2 class=\"wp-block-heading alignwide\">Tour virutales 360\u00ba<\/h2>\n\n\n\n<p>Desarrollamos tour o recorridos virtuales 360\u00ba, mediante captura de im\u00e1genes esfericas que permiten simular y ver la propiedad como si estuvieramos dentro de ella.<\/p>\n<\/div>\n<\/div>\n<\/div><\/div>\n\n\n\n<div class=\"wp-block-group alignfull has-black-background-color has-background\"><div class=\"wp-block-group__inner-container is-layout-flow wp-block-group-is-layout-flow\">\n<h2 class=\"wp-block-heading has-text-align-center has-white-color has-text-color\"><strong>Galer\u00eda<\/strong><\/h2>\n\n\n\n<figure class=\"wp-block-gallery aligncenter has-nested-images columns-default is-cropped wp-block-gallery-1 is-layout-flex wp-block-gallery-is-layout-flex\">\n<figure class=\"wp-block-image size-large\"><img loading=\"lazy\" decoding=\"async\" width=\"1024\" height=\"674\" data-id=\"92\" src=\"http:\/\/kubrica.pe\/wp-content\/uploads\/2023\/07\/playa-1024x674.jpg\" alt=\"\" class=\"wp-image-92\" srcset=\"https:\/\/kubrica.pe\/wp-content\/uploads\/2023\/07\/playa-1024x674.jpg 1024w, https:\/\/kubrica.pe\/wp-content\/uploads\/2023\/07\/playa-300x198.jpg 300w, https:\/\/kubrica.pe\/wp-content\/uploads\/2023\/07\/playa-768x506.jpg 768w, https:\/\/kubrica.pe\/wp-content\/uploads\/2023\/07\/playa-1536x1011.jpg 1536w, https:\/\/kubrica.pe\/wp-content\/uploads\/2023\/07\/playa.jpg 2000w\" sizes=\"auto, (max-width: 1024px) 100vw, 1024px\" \/><\/figure>\n\n\n\n<figure class=\"wp-block-image size-large is-style-default\"><img loading=\"lazy\" decoding=\"async\" width=\"1024\" height=\"674\" data-id=\"89\" src=\"http:\/\/kubrica.pe\/wp-content\/uploads\/2023\/07\/Hospital-PNP-web-1024x674.jpg\" alt=\"\" class=\"wp-image-89\" srcset=\"https:\/\/kubrica.pe\/wp-content\/uploads\/2023\/07\/Hospital-PNP-web-1024x674.jpg 1024w, https:\/\/kubrica.pe\/wp-content\/uploads\/2023\/07\/Hospital-PNP-web-300x198.jpg 300w, https:\/\/kubrica.pe\/wp-content\/uploads\/2023\/07\/Hospital-PNP-web-768x506.jpg 768w, https:\/\/kubrica.pe\/wp-content\/uploads\/2023\/07\/Hospital-PNP-web-1536x1011.jpg 1536w, https:\/\/kubrica.pe\/wp-content\/uploads\/2023\/07\/Hospital-PNP-web.jpg 2000w\" sizes=\"auto, (max-width: 1024px) 100vw, 1024px\" \/><\/figure>\n\n\n\n<figure class=\"wp-block-image size-large\"><img loading=\"lazy\" decoding=\"async\" width=\"1024\" height=\"674\" data-id=\"93\" src=\"http:\/\/kubrica.pe\/wp-content\/uploads\/2023\/07\/paisaje-1024x674.jpg\" alt=\"\" class=\"wp-image-93\" srcset=\"https:\/\/kubrica.pe\/wp-content\/uploads\/2023\/07\/paisaje-1024x674.jpg 1024w, https:\/\/kubrica.pe\/wp-content\/uploads\/2023\/07\/paisaje-300x198.jpg 300w, https:\/\/kubrica.pe\/wp-content\/uploads\/2023\/07\/paisaje-768x506.jpg 768w, https:\/\/kubrica.pe\/wp-content\/uploads\/2023\/07\/paisaje-1536x1011.jpg 1536w, https:\/\/kubrica.pe\/wp-content\/uploads\/2023\/07\/paisaje.jpg 2000w\" sizes=\"auto, (max-width: 1024px) 100vw, 1024px\" \/><\/figure>\n\n\n\n<figure class=\"wp-block-image size-large\"><img loading=\"lazy\" decoding=\"async\" width=\"1024\" height=\"674\" data-id=\"90\" src=\"http:\/\/kubrica.pe\/wp-content\/uploads\/2023\/07\/sum-el-sol-1024x674.jpg\" alt=\"\" class=\"wp-image-90\" srcset=\"https:\/\/kubrica.pe\/wp-content\/uploads\/2023\/07\/sum-el-sol-1024x674.jpg 1024w, https:\/\/kubrica.pe\/wp-content\/uploads\/2023\/07\/sum-el-sol-300x198.jpg 300w, https:\/\/kubrica.pe\/wp-content\/uploads\/2023\/07\/sum-el-sol-768x506.jpg 768w, https:\/\/kubrica.pe\/wp-content\/uploads\/2023\/07\/sum-el-sol-1536x1011.jpg 1536w, https:\/\/kubrica.pe\/wp-content\/uploads\/2023\/07\/sum-el-sol.jpg 2000w\" sizes=\"auto, (max-width: 1024px) 100vw, 1024px\" \/><\/figure>\n\n\n\n<figure class=\"wp-block-image size-large\"><img loading=\"lazy\" decoding=\"async\" width=\"1024\" height=\"674\" data-id=\"91\" src=\"http:\/\/kubrica.pe\/wp-content\/uploads\/2023\/07\/hospital-1024x674.jpg\" alt=\"\" class=\"wp-image-91\" srcset=\"https:\/\/kubrica.pe\/wp-content\/uploads\/2023\/07\/hospital-1024x674.jpg 1024w, https:\/\/kubrica.pe\/wp-content\/uploads\/2023\/07\/hospital-300x198.jpg 300w, https:\/\/kubrica.pe\/wp-content\/uploads\/2023\/07\/hospital-768x506.jpg 768w, https:\/\/kubrica.pe\/wp-content\/uploads\/2023\/07\/hospital-1536x1011.jpg 1536w, https:\/\/kubrica.pe\/wp-content\/uploads\/2023\/07\/hospital.jpg 2000w\" sizes=\"auto, (max-width: 1024px) 100vw, 1024px\" \/><\/figure>\n\n\n\n<figure class=\"wp-block-image size-large\"><img loading=\"lazy\" decoding=\"async\" width=\"1024\" height=\"674\" data-id=\"94\" src=\"http:\/\/kubrica.pe\/wp-content\/uploads\/2023\/07\/pasadizo-colegio-san-silvestre-1024x674.jpg\" alt=\"\" class=\"wp-image-94\" srcset=\"https:\/\/kubrica.pe\/wp-content\/uploads\/2023\/07\/pasadizo-colegio-san-silvestre-1024x674.jpg 1024w, https:\/\/kubrica.pe\/wp-content\/uploads\/2023\/07\/pasadizo-colegio-san-silvestre-300x198.jpg 300w, https:\/\/kubrica.pe\/wp-content\/uploads\/2023\/07\/pasadizo-colegio-san-silvestre-768x506.jpg 768w, https:\/\/kubrica.pe\/wp-content\/uploads\/2023\/07\/pasadizo-colegio-san-silvestre-1536x1011.jpg 1536w, https:\/\/kubrica.pe\/wp-content\/uploads\/2023\/07\/pasadizo-colegio-san-silvestre.jpg 2000w\" sizes=\"auto, (max-width: 1024px) 100vw, 1024px\" \/><\/figure>\n<\/figure>\n<\/div><\/div>\n\n\n\n<div class=\"wp-block-cover alignfull has-parallax is-position-center-center\" style=\"min-height:375px;aspect-ratio:unset;\"><span aria-hidden=\"true\" class=\"wp-block-cover__background has-black-background-color has-background-dim-40 has-background-dim\"><\/span><div role=\"img\" class=\"wp-block-cover__image-background wp-image-103 has-parallax\" style=\"background-position:50% 50%;background-image:url(http:\/\/kubrica.pe\/wp-content\/uploads\/2023\/07\/Tarde-1-1.jpg)\"><\/div><div class=\"wp-block-cover__inner-container is-layout-flow wp-block-cover-is-layout-flow\">\n<p class=\"has-text-align-center has-text-color has-huge-font-size\" style=\"color:#fffffa;line-height:1.1\"><strong>Material creativo de alto impacto visual<\/strong><\/p>\n\n\n\n<p class=\"has-text-align-center\">Cu\u00e9ntanos tu proyecto y perm\u00edtenos ayudarte a lograr tus objetivos.<\/p>\n\n\n\n<div style=\"height:39px\" aria-hidden=\"true\" class=\"wp-block-spacer\"><\/div>\n<\/div><\/div>\n","protected":false},"excerpt":{"rendered":"<p>\u00abLa pantalla es un medio m\u00e1gico. Tiene tal poder que puede mantener el inter\u00e9s, ya que permite emociones y estados de \u00e1nimo que ninguna otra forma de arte puede transmitir.\u00bb Stanley Kubrick. Fotograf\u00eda y Video Profesional Desarrollamos material audiovisual de alto impacto visual. Somos especialistas en el rubro inmobiliario y proyectos de gran inversi\u00f3n. Realizamos &hellip; <\/p>\n<p class=\"link-more\"><a href=\"https:\/\/kubrica.pe\/\" class=\"more-link\">Leer m\u00e1s<span class=\"screen-reader-text\"> \u00abLA PANTALLA\u00bb<\/span><\/a><\/p>\n","protected":false},"author":1,"featured_media":38,"parent":0,"menu_order":0,"comment_status":"closed","ping_status":"closed","template":"","meta":{"footnotes":""},"class_list":["post-39","page","type-page","status-publish","has-post-thumbnail","hentry"],"_links":{"self":[{"href":"https:\/\/kubrica.pe\/index.php\/wp-json\/wp\/v2\/pages\/39","targetHints":{"allow":["GET"]}}],"collection":[{"href":"https:\/\/kubrica.pe\/index.php\/wp-json\/wp\/v2\/pages"}],"about":[{"href":"https:\/\/kubrica.pe\/index.php\/wp-json\/wp\/v2\/types\/page"}],"author":[{"embeddable":true,"href":"https:\/\/kubrica.pe\/index.php\/wp-json\/wp\/v2\/users\/1"}],"replies":[{"embeddable":true,"href":"https:\/\/kubrica.pe\/index.php\/wp-json\/wp\/v2\/comments?post=39"}],"version-history":[{"count":9,"href":"https:\/\/kubrica.pe\/index.php\/wp-json\/wp\/v2\/pages\/39\/revisions"}],"predecessor-version":[{"id":109,"href":"https:\/\/kubrica.pe\/index.php\/wp-json\/wp\/v2\/pages\/39\/revisions\/109"}],"wp:featuredmedia":[{"embeddable":true,"href":"https:\/\/kubrica.pe\/index.php\/wp-json\/wp\/v2\/media\/38"}],"wp:attachment":[{"href":"https:\/\/kubrica.pe\/index.php\/wp-json\/wp\/v2\/media?parent=39"}],"curies":[{"name":"wp","href":"https:\/\/api.w.org\/{rel}","templated":true}]}}